{"id":3,"date":"2023-11-10T20:47:40","date_gmt":"2023-11-10T19:47:40","guid":{"rendered":"http:\/\/www1.dr-kainz.at\/?page_id=3"},"modified":"2024-01-24T19:10:36","modified_gmt":"2024-01-24T18:10:36","slug":"datenschutzerklaerung","status":"publish","type":"page","link":"https:\/\/www.dr-kainz.at\/?page_id=3","title":{"rendered":"Ihre Daten sind uns wichtig"},"content":{"rendered":"\n<div class=\"wp-block-group has-background is-layout-flow wp-block-group-is-layout-flow\" style=\"background:linear-gradient(0deg,rgba(252,225,177,0.27) 0%,rgb(255,220,170) 100%)\">\n<div class=\"wp-block-group alignwide has-background has-global-padding is-layout-constrained wp-container-core-group-is-layout-c9115f92 wp-block-group-is-layout-constrained\" style=\"background-color:#ffffff00;padding-right:var(--wp--preset--spacing--20);padding-left:var(--wp--preset--spacing--20)\">\n<div class=\"wp-block-group alignwide has-global-padding is-layout-constrained wp-block-group-is-layout-constrained\">\n<div class=\"wp-block-group alignwide has-global-padding is-layout-constrained wp-block-group-is-layout-constrained\">\n<div style=\"height:20px\" aria-hidden=\"true\" class=\"wp-block-spacer\"><\/div>\n\n\n\n<h3 class=\"wp-block-heading alignwide has-text-align-center has-text-color has-link-color wp-elements-17c76335787bcbed8a56f4584274aa14\" style=\"color:#767676;font-size:clamp(0.984rem, 0.984rem + ((1vw - 0.2rem) * 0.86), 1.5rem);font-style:normal;font-weight:400;letter-spacing:0px;line-height:1.8\">Die Adresse unserer Website lautet: http:\/\/www.dr-kainz.at.<\/h3>\n<\/div>\n\n\n\n<div style=\"height:20px\" aria-hidden=\"true\" class=\"wp-block-spacer\"><\/div>\n\n\n\n<h3 class=\"wp-block-heading alignwide has-text-align-center has-contrast-color has-text-color has-link-color has-large-font-size wp-elements-108d9531f477a614c83acbdb63d137a7\" style=\"letter-spacing:0.2px;line-height:1.8\">Erkl\u00e4rung zur Informationspflicht<\/h3>\n\n\n\n<h3 class=\"wp-block-heading alignwide has-text-align-center has-text-color has-link-color wp-elements-b856476a96974fd9ea22bb6c2d9fe16b\" style=\"color:#767676;font-size:clamp(0.984rem, 0.984rem + ((1vw - 0.2rem) * 0.86), 1.5rem);font-style:normal;font-weight:400;letter-spacing:0.2px;line-height:1.8\">Der Schutz Ihrer pers\u00f6nlichen Daten ist uns ein besonderes Anliegen. Wir verarbeiten Ihre Daten daher ausschlie\u00dflich auf Grundlage der gesetzlichen Bestimmungen (DSGVO, TKG 2003). In diesen Datenschutzinformationen informieren wir Sie \u00fcber die wichtigsten Aspekte der Datenverarbeitung im Rahmen unserer Website.<\/h3>\n\n\n\n<div style=\"height:20px\" aria-hidden=\"true\" class=\"wp-block-spacer\"><\/div>\n\n\n\n<h3 class=\"wp-block-heading alignwide has-text-align-center has-contrast-color has-text-color has-link-color has-large-font-size wp-elements-31df4391e565a05dfdbbb04f0e4eefa9\" style=\"letter-spacing:0.2px;line-height:1.8\">Datenverarbeitung<\/h3>\n\n\n\n<h3 class=\"wp-block-heading alignwide has-text-align-center has-text-color has-link-color wp-elements-1e726eab5ad3aa5bb807df6fadb55060\" style=\"color:#767676;font-size:clamp(0.984rem, 0.984rem + ((1vw - 0.2rem) * 0.86), 1.5rem);font-style:normal;font-weight:400;letter-spacing:0.2px;line-height:1.8\">Die Logdaten Ihres Besuches am Webserver werden gespeichert zum Zwecke der Optimierung des Webauftrittes. Diese Daten geben wir nicht ohne Ihre Einwilligung weiter und werden nur f\u00fcr die Dauer der Optimierung gespeichert.<\/h3>\n<\/div>\n\n\n\n<div style=\"height:20px\" aria-hidden=\"true\" class=\"wp-block-spacer\"><\/div>\n\n\n\n<h3 class=\"wp-block-heading alignwide has-text-align-center has-contrast-color has-text-color has-link-color has-large-font-size wp-elements-205f0052542264aaaae37ff0379d0222\" style=\"font-style:normal;font-weight:400;letter-spacing:0.2px;line-height:1.8\">Cookies<\/h3>\n\n\n\n<h3 class=\"wp-block-heading alignwide has-text-align-center has-text-color has-link-color wp-elements-ad18c8cc6c30f70b1d5c052ed428f56d\" style=\"color:#767676;font-size:clamp(0.984rem, 0.984rem + ((1vw - 0.2rem) * 0.86), 1.5rem);font-style:normal;font-weight:400;letter-spacing:0.2px;line-height:1.8\">Unsere Website verwendet so genannte Cookies. Dabei handelt es sich um kleine Textdateien, die mit Hilfe des Browsers auf Ihrem Endger\u00e4t abgelegt werden. Sie richten keinen Schaden an. Wir nutzen Cookies dazu, unser Angebot nutzerfreundlich zu gestalten. Einige Cookies bleiben auf Ihrem Endger\u00e4t gespeichert, bis Sie diese l\u00f6schen. Sie erm\u00f6glichen es uns, Ihren Browser beim n\u00e4chsten Besuch wiederzuerkennen. Wenn Sie dies nicht w\u00fcnschen, so k\u00f6nnen Sie Ihren Browser so einrichten, dass er Sie \u00fcber das Setzen von Cookies informiert und Sie dies nur im Einzelfall erlauben. Bei der Deaktivierung von Cookies kann die Funktionalit\u00e4t unserer Website eingeschr\u00e4nkt sein.<\/h3>\n\n\n\n<div style=\"height:20px\" aria-hidden=\"true\" class=\"wp-block-spacer\"><\/div>\n\n\n\n<h2 class=\"wp-block-heading alignwide has-text-align-center has-contrast-color has-text-color has-link-color has-large-font-size wp-elements-05f3babc238c2b44bc465914219d3c01\" style=\"letter-spacing:0.2px;line-height:1.8\">Fonts<\/h2>\n\n\n\n<h3 class=\"wp-block-heading alignwide has-text-align-center has-text-color has-link-color wp-elements-2fa060766c4e3204cdea9da395175a9d\" style=\"color:#767676;font-size:clamp(0.984rem, 0.984rem + ((1vw - 0.2rem) * 0.86), 1.5rem);letter-spacing:0.2px;line-height:1.8\">Fonts ist der technische Begriff zur optimierten und korrekten Darstellung von Zeichens\u00e4tzen der Webseite zum Zwecke der Darstellung sowie auch der Ausruckverhaltens verwendet. Wir versuchen im gr\u00f6\u00dftm\u00f6glichen Teil auf lokal am Webserver abgespeicherte Zeichens\u00e4tze uns zu beschr\u00e4nken. Sollte das trotz hoher Sorgfalt nicht m\u00f6glich sein, greifen wir auf Webfonts von externen Dienstleistern zur\u00fcck. Dabei w\u00e4hlen wir explizit System die keine Speicherung und Zuordnung der IP Adresse des Requests vornehmen wie beispielsweise Google Fonts Google Fonts. Diese speichern CSS- und Schrift-Anfragen sicher bei Google zum neutralisierter Statistischen Auswertung der gesamthaften Verwendung von Schriftarten im Internet.<\/h3>\n\n\n\n<div style=\"height:20px\" aria-hidden=\"true\" class=\"wp-block-spacer\"><\/div>\n\n\n\n<h3 class=\"wp-block-heading alignwide has-text-align-center has-contrast-color has-text-color has-link-color wp-elements-0d28bdda8fc8d1100ce9f0e6ea0bced4\" style=\"letter-spacing:0.2px;line-height:1.8\">Einbindung von Diensten und Inhalten Dritter<\/h3>\n\n\n\n<h3 class=\"wp-block-heading alignwide has-text-align-center has-text-color has-link-color wp-elements-ad55fe1d846d630f5e0575a7ba39fcee\" style=\"color:#767676;font-size:clamp(0.984rem, 0.984rem + ((1vw - 0.2rem) * 0.86), 1.5rem);font-style:normal;font-weight:400;letter-spacing:0.2px;line-height:1.8\">Es kann vorkommen, dass innerhalb dieses Onlineangebotes Inhalte Dritter, wie zum Beispiel Kartenmaterial von Google-Maps, RSS-Feeds oder Grafiken von anderen Webseiten eingebunden werden. Die setzt immer voraus, dass die Anbieter dieser Inhalte die IP-Adresse der Nutzer wahrnehmen. Denn ohne die IP-Adresse, k\u00f6nnten sie die Inhalte nicht an den Browser des jeweiligen Nutzers senden.<\/h3>\n\n\n\n<h3 class=\"wp-block-heading alignwide has-text-align-center has-text-color has-link-color wp-elements-1db0bd2064f8e9da032e4e5dbc50336d\" style=\"color:#767676;font-size:clamp(0.984rem, 0.984rem + ((1vw - 0.2rem) * 0.86), 1.5rem);font-style:normal;font-weight:400;letter-spacing:0.2px;line-height:1.8\">Die IP-Adresse ist damit f\u00fcr die Darstellung dieser Inhalte erforderlich. Wir bem\u00fchen uns nur solche Inhalte zu verwenden, deren jeweilige Anbieter die IP-Adresse lediglich zur Auslieferung der Inhalte verwenden. Jedoch haben wir keinen Einfluss darauf, falls die Dritt-Anbieter die IP-Adresse z.B. f\u00fcr statistische Zwecke speichern. Soweit dies uns bekannt ist, kl\u00e4ren wir die Nutzer dar\u00fcber auf.<\/h3>\n\n\n\n<div style=\"height:20px\" aria-hidden=\"true\" class=\"wp-block-spacer\"><\/div>\n\n\n\n<h3 class=\"wp-block-heading alignwide has-text-align-center has-contrast-color has-text-color has-link-color has-large-font-size wp-elements-5d97087815de2bfb2df2e9820f5d858d\" style=\"font-style:normal;font-weight:400;letter-spacing:0.2px;line-height:1.8\">Ihre Rechte<\/h3>\n\n\n\n<h3 class=\"wp-block-heading alignwide has-text-align-center has-text-color has-link-color wp-elements-a4ecdd2e3a6c38b801d214241872f7c4\" style=\"color:#767676;font-size:clamp(0.984rem, 0.984rem + ((1vw - 0.2rem) * 0.86), 1.5rem);font-style:normal;font-weight:400;letter-spacing:0.2px;line-height:1.8\">Ihnen stehen grunds\u00e4tzlich die Rechte auf Auskunft, Berichtigung, L\u00f6schung, Einschr\u00e4nkung, Daten\u00fcbertragbarkeit, Widerruf und Widerspruch zu. Wenn Sie glauben, dass die Verarbeitung Ihrer Daten gegen das Datenschutzrecht verst\u00f6\u00dft oder Ihre datenschutzrechtlichen Anspr\u00fcche sonst in einer Weise verletzt worden sind, k\u00f6nnen Sie sich bei der Aufsichtsbeh\u00f6rde beschweren. In \u00d6sterreich ist dies die Datenschutzbeh\u00f6rde.<\/h3>\n\n\n\n<div style=\"height:40px\" aria-hidden=\"true\" class=\"wp-block-spacer\"><\/div>\n<\/div>\n<\/div>\n","protected":false},"excerpt":{"rendered":"<p>Die Adresse unserer Website lautet: http:\/\/www.dr-kainz.at. Erkl\u00e4rung zur Informationspflicht Der Schutz Ihrer pers\u00f6nlichen Daten ist uns ein besonderes Anliegen. Wir verarbeiten Ihre Daten daher ausschlie\u00dflich auf Grundlage der gesetzlichen Bestimmungen (DSGVO, TKG 2003). In diesen Datenschutzinformationen informieren wir Sie \u00fcber die wichtigsten Aspekte der Datenverarbeitung im Rahmen unserer Website. Datenverarbeitung Die Logdaten Ihres Besuches am [&hellip;]<\/p>\n","protected":false},"author":1,"featured_media":0,"parent":0,"menu_order":0,"comment_status":"closed","ping_status":"open","template":"","meta":{"footnotes":""},"class_list":["post-3","page","type-page","status-publish","hentry"],"_links":{"self":[{"href":"https:\/\/www.dr-kainz.at\/index.php?rest_route=\/wp\/v2\/pages\/3","targetHints":{"allow":["GET"]}}],"collection":[{"href":"https:\/\/www.dr-kainz.at\/index.php?rest_route=\/wp\/v2\/pages"}],"about":[{"href":"https:\/\/www.dr-kainz.at\/index.php?rest_route=\/wp\/v2\/types\/page"}],"author":[{"embeddable":true,"href":"https:\/\/www.dr-kainz.at\/index.php?rest_route=\/wp\/v2\/users\/1"}],"replies":[{"embeddable":true,"href":"https:\/\/www.dr-kainz.at\/index.php?rest_route=%2Fwp%2Fv2%2Fcomments&post=3"}],"version-history":[{"count":12,"href":"https:\/\/www.dr-kainz.at\/index.php?rest_route=\/wp\/v2\/pages\/3\/revisions"}],"predecessor-version":[{"id":433,"href":"https:\/\/www.dr-kainz.at\/index.php?rest_route=\/wp\/v2\/pages\/3\/revisions\/433"}],"wp:attachment":[{"href":"https:\/\/www.dr-kainz.at\/index.php?rest_route=%2Fwp%2Fv2%2Fmedia&parent=3"}],"curies":[{"name":"wp","href":"https:\/\/api.w.org\/{rel}","templated":true}]}}