{"id":32,"date":"2023-11-29T21:34:14","date_gmt":"2023-11-29T20:34:14","guid":{"rendered":"\/?page_id=32"},"modified":"2024-01-24T19:04:58","modified_gmt":"2024-01-24T18:04:58","slug":"leistungen","status":"publish","type":"page","link":"https:\/\/www.dr-kainz.at\/?page_id=32","title":{"rendered":"Unsere Leistungen"},"content":{"rendered":"\n<div class=\"wp-block-group has-background has-global-padding is-layout-constrained wp-container-core-group-is-layout-8dd13e6d wp-block-group-is-layout-constrained\" style=\"background:linear-gradient(0deg,rgba(252,225,177,0.27) 0%,rgb(255,220,170) 100%);padding-right:var(--wp--preset--spacing--60);padding-left:var(--wp--preset--spacing--60)\">\n<div style=\"height:20px\" aria-hidden=\"true\" class=\"wp-block-spacer\"><\/div>\n\n\n\n<div class=\"wp-block-group alignwide has-global-padding is-layout-constrained wp-block-group-is-layout-constrained\">\n<h3 class=\"wp-block-heading alignwide has-text-align-left has-text-color has-link-color has-large-font-size wp-elements-a5103b7d5e7c7396855da8cf513a38de\" style=\"color:#000000e3;letter-spacing:0.2px;line-height:1.8\">&#8211; Ansprechpartner f\u00fcr alle Beschwerden k\u00f6rperlicher und seelischer Natur<\/h3>\n\n\n\n<h3 class=\"wp-block-heading alignwide has-text-align-left has-text-color has-link-color wp-elements-dff383e31e846d41e85493f206423614\" style=\"color:#767676;font-size:clamp(0.984rem, 0.984rem + ((1vw - 0.2rem) * 0.86), 1.5rem);font-style:normal;font-weight:400;letter-spacing:0.2px;line-height:1.8\">&#8211; akute Infektionen und Verletzungen (auch bei Kindern)<br>&#8211; Einstellung von Hypertonie, Diabetes<br>&#8211; Schmerztherapie: Infusionen, Infiltrationen, Injektionen<br>&#8211; Elektrotherapie<br>&#8211; Diagnostik: Blutabnahme, Harnanalyse, EKG, Blutzuckertagesprofil<br>&#8211; Impfberatung und Impfungen<br>&#8211; Mutter-Kind-Pass-Untersuchung von Schwangeren<br>&#8211; Vorsorgeuntersuchungen<br>&#8211; F\u00fchrerscheinuntersuchungen<\/h3>\n\n\n\n<div style=\"height:20px\" aria-hidden=\"true\" class=\"wp-block-spacer\"><\/div>\n\n\n\n<h3 class=\"wp-block-heading alignwide has-text-align-left has-text-color has-link-color has-large-font-size wp-elements-702df5495e2f4c5590893572c2ac417c\" style=\"color:#000000db;letter-spacing:0.2px;line-height:1.8\">Vorsorgeuntersuchungen<\/h3>\n\n\n\n<h3 class=\"wp-block-heading alignwide has-text-align-left has-text-color has-link-color wp-elements-5a09f1e335917830cdb519f1d4f75879\" style=\"color:#767676;font-size:clamp(0.984rem, 0.984rem + ((1vw - 0.2rem) * 0.86), 1.5rem);font-style:normal;font-weight:400;letter-spacing:0.2px;line-height:1.8\">F\u00fcr die Vorsorgeuntersuchung vereinbaren Sie bitte einen Termin f\u00fcr die <\/h3>\n\n\n\n<h3 class=\"wp-block-heading alignwide has-text-align-left has-text-color has-link-color wp-elements-075eb39821d4d8d57a5092eded4abe88\" style=\"color:#767676;font-size:clamp(0.984rem, 0.984rem + ((1vw - 0.2rem) * 0.86), 1.5rem);font-style:normal;font-weight:400;letter-spacing:0.2px;line-height:1.8\">Blutabnahme und die vorbereitenden Untersuchungen. <\/h3>\n\n\n\n<h3 class=\"wp-block-heading alignwide has-text-align-left has-text-color has-link-color wp-elements-028d74951145c9fbd30c6e2083a81554\" style=\"color:#767676;font-size:clamp(0.984rem, 0.984rem + ((1vw - 0.2rem) * 0.86), 1.5rem);font-style:normal;font-weight:400;letter-spacing:0.2px;line-height:1.8\">F\u00fcr die Befundbesprechung bekommen Sie einen weiteren Termin.<\/h3>\n\n\n\n<h3 class=\"wp-block-heading alignwide has-text-align-left has-text-color has-link-color wp-elements-2a2943e602cbe7adda4a9ae9d887c284\" style=\"color:#767676;font-size:clamp(0.984rem, 0.984rem + ((1vw - 0.2rem) * 0.86), 1.5rem);letter-spacing:0.2px;line-height:1.8\">Wenn Sie dann auch Ihren Impfpass mitbringen, k\u00f6nnen wir Ihren Impfstatus besprechen.<\/h3>\n\n\n\n<div style=\"height:20px\" aria-hidden=\"true\" class=\"wp-block-spacer\"><\/div>\n\n\n\n<h3 class=\"wp-block-heading alignwide has-text-align-left has-text-color has-link-color has-large-font-size wp-elements-2fceef2ab2d3c793575e327159b71be9\" style=\"color:#000000e0;letter-spacing:0.2px;line-height:1.8\">F\u00fchrerscheinuntersuchungen<\/h3>\n\n\n\n<h3 class=\"wp-block-heading alignwide has-text-align-left has-text-color has-link-color wp-elements-464f21ff41ae513b362a32543fd784a4\" style=\"color:#767676;font-size:clamp(0.984rem, 0.984rem + ((1vw - 0.2rem) * 0.86), 1.5rem);font-style:normal;font-weight:400;letter-spacing:0.2px;line-height:1.8\">Bitte bringen Sie einen Reisepass oder amtlichen Lichtbildausweis mit, <\/h3>\n\n\n\n<h3 class=\"wp-block-heading alignwide has-text-align-left has-text-color has-link-color wp-elements-dd5ce89491be93546af711a65271dfa6\" style=\"color:#767676;font-size:clamp(0.984rem, 0.984rem + ((1vw - 0.2rem) * 0.86), 1.5rem);font-style:normal;font-weight:400;letter-spacing:0.2px;line-height:1.8\">sowie Brillentr\u00e4ger f\u00fcr die F\u00fchrerscheingruppe 2 einen Brillenpass.<\/h3>\n\n\n\n<h3 class=\"wp-block-heading alignwide has-text-align-left has-text-color has-link-color wp-elements-c43b5d753eccd522bb66ea27f6246ef8\" style=\"color:#767676;font-size:clamp(0.984rem, 0.984rem + ((1vw - 0.2rem) * 0.86), 1.5rem);font-style:normal;font-weight:400;letter-spacing:0.2px;line-height:1.8\">Kontaktlinsen m\u00fcssen w\u00e4hrend der Untersuchung kurz herausgenommen werden.<\/h3>\n\n\n\n<div style=\"height:20px\" aria-hidden=\"true\" class=\"wp-block-spacer\"><\/div>\n<\/div>\n<\/div>\n","protected":false},"excerpt":{"rendered":"<p>&#8211; Ansprechpartner f\u00fcr alle Beschwerden k\u00f6rperlicher und seelischer Natur &#8211; akute Infektionen und Verletzungen (auch bei Kindern)&#8211; Einstellung von Hypertonie, Diabetes&#8211; Schmerztherapie: Infusionen, Infiltrationen, Injektionen&#8211; Elektrotherapie&#8211; Diagnostik: Blutabnahme, Harnanalyse, EKG, Blutzuckertagesprofil&#8211; Impfberatung und Impfungen&#8211; Mutter-Kind-Pass-Untersuchung von Schwangeren&#8211; Vorsorgeuntersuchungen&#8211; F\u00fchrerscheinuntersuchungen Vorsorgeuntersuchungen F\u00fcr die Vorsorgeuntersuchung vereinbaren Sie bitte einen Termin f\u00fcr die Blutabnahme und die vorbereitenden Untersuchungen. [&hellip;]<\/p>\n","protected":false},"author":1,"featured_media":0,"parent":0,"menu_order":0,"comment_status":"closed","ping_status":"closed","template":"","meta":{"footnotes":""},"class_list":["post-32","page","type-page","status-publish","hentry"],"_links":{"self":[{"href":"https:\/\/www.dr-kainz.at\/index.php?rest_route=\/wp\/v2\/pages\/32","targetHints":{"allow":["GET"]}}],"collection":[{"href":"https:\/\/www.dr-kainz.at\/index.php?rest_route=\/wp\/v2\/pages"}],"about":[{"href":"https:\/\/www.dr-kainz.at\/index.php?rest_route=\/wp\/v2\/types\/page"}],"author":[{"embeddable":true,"href":"https:\/\/www.dr-kainz.at\/index.php?rest_route=\/wp\/v2\/users\/1"}],"replies":[{"embeddable":true,"href":"https:\/\/www.dr-kainz.at\/index.php?rest_route=%2Fwp%2Fv2%2Fcomments&post=32"}],"version-history":[{"count":22,"href":"https:\/\/www.dr-kainz.at\/index.php?rest_route=\/wp\/v2\/pages\/32\/revisions"}],"predecessor-version":[{"id":427,"href":"https:\/\/www.dr-kainz.at\/index.php?rest_route=\/wp\/v2\/pages\/32\/revisions\/427"}],"wp:attachment":[{"href":"https:\/\/www.dr-kainz.at\/index.php?rest_route=%2Fwp%2Fv2%2Fmedia&parent=32"}],"curies":[{"name":"wp","href":"https:\/\/api.w.org\/{rel}","templated":true}]}}